{"id":19,"date":"2022-10-24T19:57:50","date_gmt":"2022-10-24T19:57:50","guid":{"rendered":"https:\/\/znyzhka-ua.com\/es\/?page_id=19"},"modified":"2024-02-22T11:57:31","modified_gmt":"2024-02-22T10:57:31","slug":"about-us","status":"publish","type":"page","link":"https:\/\/znyzhka-ua.com\/es\/about-us\/","title":{"rendered":"Acerca de nosotros"},"content":{"rendered":"<p>Estamos encantados de darle la bienvenida a nuestra tienda en l\u00ednea Znyzhka UA, su destino para productos de calidad.<\/p>\n<p>Vendemos productos de alta calidad que se han convertido en bestsellers en Europa y Estados Unidos. Creemos que el proceso de compra en l\u00ednea debe ser lo m\u00e1s c\u00f3modo y, sobre todo, seguro posible. Por ello, el pago del producto adquirido se realiza tras la entrega.<\/p>\n<p>En la tienda en l\u00ednea Znyzhka UA, puede comprar productos \u00fanicos hechos de ingredientes naturales. Ofrecemos productos para el cuidado de la piel, el cabello, las pesta\u00f1as y las cejas, as\u00ed como productos para mantener un peso normal y muchas otras categor\u00edas de productos.<\/p>\n<p>No solo vendemos productos, vendemos productos cuidadosamente seleccionados. El proceso de compra en nuestra tienda es extremadamente simple e intuitivo.<\/p>\n<h3><span style=\"text-decoration: underline;\">Nuestras Fortaleza:<\/span><\/h3>\n<ul>\n<li><strong>Velocidad en el procesamiento de pedidos<\/strong>. Entendemos cu\u00e1nto vale su tiempo, por lo que nos esforzamos por procesar cada pedido r\u00e1pidamente.<\/li>\n<li><strong>Actualizaci\u00f3n del surtido<\/strong>. Siempre mantenemos un nivel \u00f3ptimo de stock en nuestros almacenes. Siempre podr\u00e1 encontrar exactamente lo que busca.<\/li>\n<li><strong>Entrega conveniente y r\u00e1pida<\/strong>. Nos esforzamos por enviar su pedido lo m\u00e1s r\u00e1pido posible a cualquier lugar de Espa\u00f1a. Por supuesto, desea recibir su producto a tiempo y en perfecto estado. Es por eso que Znyzhka UA solo colabora con l\u00edderes en servicios log\u00edsticos y de entrega. Esto significa que recibir\u00e1 su producto r\u00e1pidamente, de forma segura y econ\u00f3mica.<\/li>\n<\/ul>\n<p>Nos esforzamos al m\u00e1ximo para que su experiencia de compra con nosotros sea memorable. Nuestra misi\u00f3n es proporcionarle un buen servicio y ser su socio de confianza durante muchos a\u00f1os.<\/p>\n<h3><span style=\"text-decoration: underline;\">Cont\u00e1ctenos<\/span><\/h3>\n<p>info@znyzhka-ua.com<\/p>\n<p>C. Alcalde Jos\u00e9 Puertes, 5, 46910 Alfafar, Valencia, Espa\u00f1a<\/p>\n<p><span style=\"text-decoration: underline;\">\u00a1Bienvenido a la familia de clientes satisfechos de Znyzhka UA!<\/span><\/p>\n","protected":false},"excerpt":{"rendered":"<p>Estamos encantados de darle la bienvenida a nuestra tienda en l\u00ednea Znyzhka UA, su destino para productos de calidad. Vendemos productos de alta calidad que se han convertido en bestsellers en Europa y Estados Unidos. Creemos que el proceso de compra en l\u00ednea debe ser lo m\u00e1s c\u00f3modo y, sobre todo, seguro posible. Por ello, [&hellip;]<\/p>\n","protected":false},"author":1,"featured_media":46,"parent":0,"menu_order":0,"comment_status":"closed","ping_status":"closed","template":"","meta":{"footnotes":""},"class_list":["post-19","page","type-page","status-publish","has-post-thumbnail","hentry"],"_links":{"self":[{"href":"https:\/\/znyzhka-ua.com\/es\/wp-json\/wp\/v2\/pages\/19","targetHints":{"allow":["GET"]}}],"collection":[{"href":"https:\/\/znyzhka-ua.com\/es\/wp-json\/wp\/v2\/pages"}],"about":[{"href":"https:\/\/znyzhka-ua.com\/es\/wp-json\/wp\/v2\/types\/page"}],"author":[{"embeddable":true,"href":"https:\/\/znyzhka-ua.com\/es\/wp-json\/wp\/v2\/users\/1"}],"replies":[{"embeddable":true,"href":"https:\/\/znyzhka-ua.com\/es\/wp-json\/wp\/v2\/comments?post=19"}],"version-history":[{"count":0,"href":"https:\/\/znyzhka-ua.com\/es\/wp-json\/wp\/v2\/pages\/19\/revisions"}],"wp:featuredmedia":[{"embeddable":true,"href":"https:\/\/znyzhka-ua.com\/es\/wp-json\/wp\/v2\/media\/46"}],"wp:attachment":[{"href":"https:\/\/znyzhka-ua.com\/es\/wp-json\/wp\/v2\/media?parent=19"}],"curies":[{"name":"wp","href":"https:\/\/api.w.org\/{rel}","templated":true}]}}