{"id":5952,"date":"2024-02-15T21:59:08","date_gmt":"2024-02-15T20:59:08","guid":{"rendered":"https:\/\/znyzhka-ua.com\/es\/?page_id=5952"},"modified":"2024-02-15T21:59:08","modified_gmt":"2024-02-15T20:59:08","slug":"forma-de-envio","status":"publish","type":"page","link":"https:\/\/znyzhka-ua.com\/es\/forma-de-envio\/","title":{"rendered":"Forma de env\u00edo"},"content":{"rendered":"<h4 id=\"entrega-correos-express\"><strong>Entrega por Mensajer\u00eda \u00abCorreos Express\u00bb<\/strong> en la Puerta del Destinatario &#8211; Entrega Gratuita<\/h4>\n<p>Los pedidos se realizan a tu puerta a trav\u00e9s de \u00abCorreos Express\u00bb.<\/p>\n<p>El plazo de entrega es de 2 a 5 d\u00edas laborables despu\u00e9s de la expedici\u00f3n del paquete.<\/p>\n<p>Recibir\u00e1s un mensaje de texto con el n\u00famero del paquete una vez este haya sido enviado.<\/p>\n<p>Para los env\u00edos contra reembolso, el pago se efect\u00faa directamente al mensajero en el momento de la entrega.<\/p>\n<p>Nuestros env\u00edos se limitan exclusivamente al territorio espa\u00f1ol.<\/p>\n<p>Al recibir tu pedido, verifica el estado del embalaje y aseg\u00farate de que nuestra cinta de seguridad est\u00e9 intacta. Si tienes dudas sobre la integridad del paquete, te recomendamos no aceptarlo e informarnos de inmediato para tomar las medidas necesarias. Como alternativa, puedes aceptar el paquete y abrirlo en presencia del mensajero.<\/p>\n<p>Si aceptas el paquete y luego encuentras da\u00f1os o faltantes, no ser\u00e1 posible iniciar un procedimiento de reclamaci\u00f3n con la empresa de mensajer\u00eda. No se tomar\u00e1n en cuenta reclamaciones hechas posteriormente.<\/p>\n","protected":false},"excerpt":{"rendered":"<p>Entrega por Mensajer\u00eda \u00abCorreos Express\u00bb en la Puerta del Destinatario &#8211; Entrega Gratuita Los pedidos se realizan a tu puerta a trav\u00e9s de \u00abCorreos Express\u00bb. El plazo de entrega es de 2 a 5 d\u00edas laborables despu\u00e9s de la expedici\u00f3n del paquete. Recibir\u00e1s un mensaje de texto con el n\u00famero del paquete una vez este [&hellip;]<\/p>\n","protected":false},"author":1,"featured_media":11,"parent":0,"menu_order":0,"comment_status":"closed","ping_status":"closed","template":"","meta":{"footnotes":""},"class_list":["post-5952","page","type-page","status-publish","has-post-thumbnail","hentry"],"_links":{"self":[{"href":"https:\/\/znyzhka-ua.com\/es\/wp-json\/wp\/v2\/pages\/5952","targetHints":{"allow":["GET"]}}],"collection":[{"href":"https:\/\/znyzhka-ua.com\/es\/wp-json\/wp\/v2\/pages"}],"about":[{"href":"https:\/\/znyzhka-ua.com\/es\/wp-json\/wp\/v2\/types\/page"}],"author":[{"embeddable":true,"href":"https:\/\/znyzhka-ua.com\/es\/wp-json\/wp\/v2\/users\/1"}],"replies":[{"embeddable":true,"href":"https:\/\/znyzhka-ua.com\/es\/wp-json\/wp\/v2\/comments?post=5952"}],"version-history":[{"count":0,"href":"https:\/\/znyzhka-ua.com\/es\/wp-json\/wp\/v2\/pages\/5952\/revisions"}],"wp:featuredmedia":[{"embeddable":true,"href":"https:\/\/znyzhka-ua.com\/es\/wp-json\/wp\/v2\/media\/11"}],"wp:attachment":[{"href":"https:\/\/znyzhka-ua.com\/es\/wp-json\/wp\/v2\/media?parent=5952"}],"curies":[{"name":"wp","href":"https:\/\/api.w.org\/{rel}","templated":true}]}}