{"id":61,"date":"2022-10-24T23:05:43","date_gmt":"2022-10-24T23:05:43","guid":{"rendered":"https:\/\/znyzhka-ua.com\/es\/?page_id=61"},"modified":"2022-12-03T14:03:01","modified_gmt":"2022-12-03T13:03:01","slug":"product-reviews","status":"publish","type":"page","link":"https:\/\/znyzhka-ua.com\/es\/product-reviews\/","title":{"rendered":"Opiniones sobre el producto"},"content":{"rendered":"<h2>\u00bfC\u00f3mo funciona la recopilaci\u00f3n de opiniones de productos en el sitio web de Znyzhka Ua?<\/h2>\n<p>Si compras algo de nosotros, eventualmente querr\u00e1s escribir tus comentarios sobre algunos de los productos que compraste. Esta es la forma m\u00e1s com\u00fan de obtener una rese\u00f1a en nuestro sitio web.<\/p>\n<p>Tambi\u00e9n puede escribir rese\u00f1as sobre productos que no nos haya comprado a nosotros, sino, por ejemplo, en alg\u00fan otro lugar. No podemos garantizar la exactitud de dichas rese\u00f1as.<\/p>\n<p>No cambiamos las opiniones de nuestros clientes de ninguna manera. Las \u00fanicas excepciones son las cr\u00edticas agresivas y francamente vulgares, que eliminamos inmediatamente.<\/p>\n","protected":false},"excerpt":{"rendered":"<p>\u00bfC\u00f3mo funciona la recopilaci\u00f3n de opiniones de productos en el sitio web de Znyzhka Ua? Si compras algo de nosotros, eventualmente querr\u00e1s escribir tus comentarios sobre algunos de los productos que compraste. Esta es la forma m\u00e1s com\u00fan de obtener una rese\u00f1a en nuestro sitio web. Tambi\u00e9n puede escribir rese\u00f1as sobre productos que no nos [&hellip;]<\/p>\n","protected":false},"author":1,"featured_media":65,"parent":0,"menu_order":0,"comment_status":"closed","ping_status":"closed","template":"","meta":{"footnotes":""},"class_list":["post-61","page","type-page","status-publish","has-post-thumbnail","hentry"],"_links":{"self":[{"href":"https:\/\/znyzhka-ua.com\/es\/wp-json\/wp\/v2\/pages\/61","targetHints":{"allow":["GET"]}}],"collection":[{"href":"https:\/\/znyzhka-ua.com\/es\/wp-json\/wp\/v2\/pages"}],"about":[{"href":"https:\/\/znyzhka-ua.com\/es\/wp-json\/wp\/v2\/types\/page"}],"author":[{"embeddable":true,"href":"https:\/\/znyzhka-ua.com\/es\/wp-json\/wp\/v2\/users\/1"}],"replies":[{"embeddable":true,"href":"https:\/\/znyzhka-ua.com\/es\/wp-json\/wp\/v2\/comments?post=61"}],"version-history":[{"count":0,"href":"https:\/\/znyzhka-ua.com\/es\/wp-json\/wp\/v2\/pages\/61\/revisions"}],"wp:featuredmedia":[{"embeddable":true,"href":"https:\/\/znyzhka-ua.com\/es\/wp-json\/wp\/v2\/media\/65"}],"wp:attachment":[{"href":"https:\/\/znyzhka-ua.com\/es\/wp-json\/wp\/v2\/media?parent=61"}],"curies":[{"name":"wp","href":"https:\/\/api.w.org\/{rel}","templated":true}]}}