{"id":4952,"date":"2023-04-16T02:43:33","date_gmt":"2023-04-16T00:43:33","guid":{"rendered":"https:\/\/znyzhka-ua.com\/es\/removio\/"},"modified":"2024-02-22T00:10:51","modified_gmt":"2024-02-21T23:10:51","slug":"removio","status":"publish","type":"product","link":"https:\/\/znyzhka-ua.com\/es\/removio\/","title":{"rendered":"Removio"},"content":{"rendered":"<p>Les ofrecemos para su compra el producto denominado Removio. El producto Removio se vende a uno de los precios m\u00e1s bajos en Espa\u00f1a. Este producto est\u00e1 compuesto exclusivamente por componentes naturales.<\/p>\n<p>Proporcionamos una entrega r\u00e1pida de este producto a cualquier direcci\u00f3n dentro de Espa\u00f1a. El producto se entrega directamente a su hogar en la direcci\u00f3n que usted especifique.<\/p>\n<p>En nuestra tienda en l\u00ednea Znyzhka Ua, nos preocupamos por nuestros clientes y ofrecemos m\u00e9todos de pago y entrega convenientes. <\/p>\n<p>M\u00e9todo de env\u00edo: La entrega se realiza a trav\u00e9s de \u00abCorreos Express\u00bb directamente a su hogar. Realizamos env\u00edos solo dentro del territorio de Espa\u00f1a. Al recibirlo, verifique la integridad del paquete. Si tiene alguna duda, no lo acepte e inf\u00f3rmenos inmediatamente. <\/p>\n<p>M\u00e9todo de pago: Ofrecemos el pago contra reembolso y la transferencia bancaria. Con el pago contra reembolso, usted paga despu\u00e9s de recibir el producto. Para la transferencia bancaria, recibir\u00e1 los detalles del pago por mensaje. La seguridad de sus datos es nuestra prioridad.<\/p>\n<p>Siempre puede obtener una consulta gratuita sobre el producto Removio. Para ello, solo necesita hacer clic en el bot\u00f3n \u00abCONSULTA GRATUITA\u00bb. \u00a1Es completamente gratis!<\/p>\n<p>Para m\u00e1s informaci\u00f3n, cont\u00e1ctenos en info@znyzhka-ua.com.<\/p>\n<p>Valoramos su confianza y nos comprometemos a proporcionarle una experiencia de compra excepcional.<\/p>\n<p>Adquiera el producto Removio ahora y comience a disfrutar de todos sus beneficios.<\/p>\n","protected":false},"excerpt":{"rendered":"<p>\u00bfCansado de papilomas que no desaparecen? Removio es la soluci\u00f3n que necesitas. Nuestra f\u00f3rmula natural eliminar\u00e1 eficazmente las verrugas y papilomas en cualquier parte de tu cuerpo, sin dolor ni efectos secundarios. \u00a1Lib\u00e9rate de esas molestas protuberancias y recupera tu piel suave y hermosa hoy mismo con Removio!<\/p>\n","protected":false},"featured_media":4951,"comment_status":"open","ping_status":"closed","template":"","meta":[],"product_brand":[],"product_cat":[29],"product_tag":[],"class_list":{"0":"post-4952","1":"product","2":"type-product","3":"status-publish","4":"has-post-thumbnail","6":"product_cat-productos-de-salud","8":"first","9":"instock","10":"taxable","11":"shipping-taxable","12":"purchasable","13":"product-type-simple"},"_links":{"self":[{"href":"https:\/\/znyzhka-ua.com\/es\/wp-json\/wp\/v2\/product\/4952","targetHints":{"allow":["GET"]}}],"collection":[{"href":"https:\/\/znyzhka-ua.com\/es\/wp-json\/wp\/v2\/product"}],"about":[{"href":"https:\/\/znyzhka-ua.com\/es\/wp-json\/wp\/v2\/types\/product"}],"replies":[{"embeddable":true,"href":"https:\/\/znyzhka-ua.com\/es\/wp-json\/wp\/v2\/comments?post=4952"}],"wp:featuredmedia":[{"embeddable":true,"href":"https:\/\/znyzhka-ua.com\/es\/wp-json\/wp\/v2\/media\/4951"}],"wp:attachment":[{"href":"https:\/\/znyzhka-ua.com\/es\/wp-json\/wp\/v2\/media?parent=4952"}],"wp:term":[{"taxonomy":"product_brand","embeddable":true,"href":"https:\/\/znyzhka-ua.com\/es\/wp-json\/wp\/v2\/product_brand?post=4952"},{"taxonomy":"product_cat","embeddable":true,"href":"https:\/\/znyzhka-ua.com\/es\/wp-json\/wp\/v2\/product_cat?post=4952"},{"taxonomy":"product_tag","embeddable":true,"href":"https:\/\/znyzhka-ua.com\/es\/wp-json\/wp\/v2\/product_tag?post=4952"}],"curies":[{"name":"wp","href":"https:\/\/api.w.org\/{rel}","templated":true}]}}